{"id":12,"date":"2019-09-11T13:42:04","date_gmt":"2019-09-11T13:42:04","guid":{"rendered":"http:\/\/patrickpedrosa.com\/?page_id=12"},"modified":"2025-12-03T00:15:36","modified_gmt":"2025-12-03T00:15:36","slug":"portfolio","status":"publish","type":"page","link":"https:\/\/patrickpedrosa.com\/","title":{"rendered":"PORTFOLIO"},"content":{"rendered":"<p>[et_pb_section fb_built=&#8221;1&#8243; fullwidth=&#8221;on&#8221; _builder_version=&#8221;3.27.4&#8243; fb_built=&#8221;1&#8243; _i=&#8221;0&#8243; _address=&#8221;0&#8243;][et_pb_fullwidth_image src=&#8221;http:\/\/patrickpedrosa.com\/wp-content\/uploads\/2022\/09\/MS-MSlim-GUNMETAL-AMB-X3-02.jpg&#8221; _builder_version=&#8221;3.27.4&#8243; _i=&#8221;0&#8243; _address=&#8221;0.0&#8243;][\/et_pb_fullwidth_image][\/et_pb_section][et_pb_section fb_built=&#8221;1&#8243; _builder_version=&#8221;3.27.4&#8243; custom_padding=&#8221;6px||15px|||&#8221; fb_built=&#8221;1&#8243; _i=&#8221;1&#8243; _address=&#8221;1&#8243;][et_pb_row column_structure=&#8221;1_2,1_2&#8243; _builder_version=&#8221;3.27.4&#8243; _i=&#8221;0&#8243; _address=&#8221;1.0&#8243;][et_pb_column type=&#8221;1_2&#8243; _builder_version=&#8221;3.27.4&#8243; _i=&#8221;0&#8243; _address=&#8221;1.0.0&#8243;][et_pb_text _builder_version=&#8221;3.27.4&#8243; inline_fonts=&#8221;Lato&#8221; _i=&#8221;0&#8243; _address=&#8221;1.0.0.0&#8243;]<\/p>\n<h1 style=\"text-align: left;\"><span face=\"Lato\" style=\"font-family: Lato;\"><b>SECA-TOALHAS MINIMALISTA M SLIM\u00a0<\/b><\/span><\/h1>\n<h1 style=\"text-align: left;\"><span style=\"font-size: 14px; color: #666666;\">Design de toalheiro M Slim para o projecto Park Rublevo<\/span><\/h1>\n<p>Imagem: Babayants Architects<\/p>\n<p><span style=\"font-size: 14px; color: #666666;\"><\/span><\/p>\n<p>[\/et_pb_text][\/et_pb_column][et_pb_column type=&#8221;1_2&#8243; _builder_version=&#8221;3.27.4&#8243; _i=&#8221;1&#8243; _address=&#8221;1.0.1&#8243;][\/et_pb_column][\/et_pb_row][\/et_pb_section][et_pb_section fb_built=&#8221;1&#8243; fullwidth=&#8221;on&#8221; _builder_version=&#8221;3.27.4&#8243; fb_built=&#8221;1&#8243; _i=&#8221;2&#8243; _address=&#8221;2&#8243;][et_pb_fullwidth_image src=&#8221;http:\/\/patrickpedrosa.com\/wp-content\/uploads\/2019\/09\/DIAMOND-sketch-book-RGB.jpg&#8221; _builder_version=&#8221;3.27.4&#8243; _i=&#8221;0&#8243; _address=&#8221;2.0&#8243;][\/et_pb_fullwidth_image][\/et_pb_section][et_pb_section fb_built=&#8221;1&#8243; _builder_version=&#8221;3.27.4&#8243; custom_padding=&#8221;6px||15px|||&#8221; fb_built=&#8221;1&#8243; _i=&#8221;3&#8243; _address=&#8221;3&#8243;][et_pb_row column_structure=&#8221;1_2,1_2&#8243; _builder_version=&#8221;3.27.4&#8243; _i=&#8221;0&#8243; _address=&#8221;3.0&#8243;][et_pb_column type=&#8221;1_2&#8243; _builder_version=&#8221;3.27.4&#8243; _i=&#8221;0&#8243; _address=&#8221;3.0.0&#8243;][et_pb_text _builder_version=&#8221;3.27.4&#8243; inline_fonts=&#8221;Lato&#8221; _i=&#8221;0&#8243; _address=&#8221;3.0.0.0&#8243;]<\/p>\n<h1 style=\"text-align: left;\"><span style=\"font-family: Lato; font-weight: normal;\"><strong>BLACK DIAMOND<\/strong><\/span><\/h1>\n<p>&nbsp;<\/p>\n<p>Black Diamond foi concebido para satisfazer a necessidade de solu\u00e7\u00f5es de aquecimento que acompanham a evolu\u00e7\u00e3o conceptual e a diferencia\u00e7\u00e3o dos espa\u00e7os modernos. Seu valor est\u00e1 na forma geom\u00e9trica inspirado no diamante e na capacidade de emiss\u00e3o de aquecimento. Produto desenvolvido pela Foursteel.<\/p>\n<p>Os toalheiros e radiadores de aquecimento abaixo foram desenvolvidos pela Foursteel.<\/p>\n<p>[\/et_pb_text][\/et_pb_column][et_pb_column type=&#8221;1_2&#8243; _builder_version=&#8221;3.27.4&#8243; _i=&#8221;1&#8243; _address=&#8221;3.0.1&#8243;][\/et_pb_column][\/et_pb_row][\/et_pb_section][et_pb_section fb_built=&#8221;1&#8243; _builder_version=&#8221;3.27.4&#8243; min_height=&#8221;404px&#8221; custom_padding=&#8221;0px||0px|||&#8221; fb_built=&#8221;1&#8243; _i=&#8221;4&#8243; _address=&#8221;4&#8243;][et_pb_row column_structure=&#8221;1_4,1_4,1_4,1_4&#8243; _builder_version=&#8221;3.27.4&#8243; width=&#8221;100%&#8221; max_width=&#8221;2560px&#8221; custom_padding=&#8221;||0px|||&#8221; _i=&#8221;0&#8243; _address=&#8221;4.0&#8243;][et_pb_column type=&#8221;1_4&#8243; _builder_version=&#8221;3.27.4&#8243; _i=&#8221;0&#8243; _address=&#8221;4.0.0&#8243;][et_pb_image src=&#8221;http:\/\/patrickpedrosa.com\/wp-content\/uploads\/2019\/09\/ARENA-black-and-white.jpg&#8221; _builder_version=&#8221;3.27.4&#8243; _i=&#8221;0&#8243; _address=&#8221;4.0.0.0&#8243;][\/et_pb_image][\/et_pb_column][et_pb_column type=&#8221;1_4&#8243; _builder_version=&#8221;3.27.4&#8243; _i=&#8221;1&#8243; _address=&#8221;4.0.1&#8243;][et_pb_image src=&#8221;http:\/\/patrickpedrosa.com\/wp-content\/uploads\/2019\/09\/DIAMOND-XS-copper.jpg&#8221; _builder_version=&#8221;3.27.4&#8243; _i=&#8221;0&#8243; _address=&#8221;4.0.1.0&#8243;][\/et_pb_image][\/et_pb_column][et_pb_column type=&#8221;1_4&#8243; _builder_version=&#8221;3.27.4&#8243; _i=&#8221;2&#8243; _address=&#8221;4.0.2&#8243;][et_pb_image src=&#8221;http:\/\/patrickpedrosa.com\/wp-content\/uploads\/2019\/09\/BLACK-DIAMOND-2.jpg&#8221; _builder_version=&#8221;3.27.4&#8243; _i=&#8221;0&#8243; _address=&#8221;4.0.2.0&#8243;][\/et_pb_image][\/et_pb_column][et_pb_column type=&#8221;1_4&#8243; _builder_version=&#8221;3.27.4&#8243; _i=&#8221;3&#8243; _address=&#8221;4.0.3&#8243;][et_pb_image src=&#8221;http:\/\/patrickpedrosa.com\/wp-content\/uploads\/2019\/09\/ARENA-TABLE.jpg&#8221; _builder_version=&#8221;3.27.4&#8243; _i=&#8221;0&#8243; _address=&#8221;4.0.3.0&#8243;][\/et_pb_image][\/et_pb_column][\/et_pb_row][et_pb_row column_structure=&#8221;1_4,1_4,1_4,1_4&#8243; _builder_version=&#8221;3.27.4&#8243; width=&#8221;100%&#8221; max_width=&#8221;2560px&#8221; custom_padding=&#8221;||0px|||&#8221; _i=&#8221;1&#8243; _address=&#8221;4.1&#8243;][et_pb_column type=&#8221;1_4&#8243; _builder_version=&#8221;3.27.4&#8243; _i=&#8221;0&#8243; _address=&#8221;4.1.0&#8243;][et_pb_image src=&#8221;http:\/\/patrickpedrosa.com\/wp-content\/uploads\/2019\/09\/MIMOO-copper-brushed-2.jpg&#8221; _builder_version=&#8221;3.27.4&#8243; _i=&#8221;0&#8243; _address=&#8221;4.1.0.0&#8243;][\/et_pb_image][\/et_pb_column][et_pb_column type=&#8221;1_4&#8243; _builder_version=&#8221;3.27.4&#8243; _i=&#8221;1&#8243; _address=&#8221;4.1.1&#8243;][et_pb_image src=&#8221;http:\/\/patrickpedrosa.com\/wp-content\/uploads\/2019\/09\/MS-MSlim-X3-01.jpg&#8221; _builder_version=&#8221;3.27.4&#8243; _i=&#8221;0&#8243; _address=&#8221;4.1.1.0&#8243;][\/et_pb_image][\/et_pb_column][et_pb_column type=&#8221;1_4&#8243; _builder_version=&#8221;3.27.4&#8243; _i=&#8221;2&#8243; _address=&#8221;4.1.2&#8243;][et_pb_image src=&#8221;http:\/\/patrickpedrosa.com\/wp-content\/uploads\/2019\/09\/MSS-M-slim-square-X3-01.jpg&#8221; _builder_version=&#8221;3.27.4&#8243; _i=&#8221;0&#8243; _address=&#8221;4.1.2.0&#8243;][\/et_pb_image][\/et_pb_column][et_pb_column type=&#8221;1_4&#8243; _builder_version=&#8221;3.27.4&#8243; _i=&#8221;3&#8243; _address=&#8221;4.1.3&#8243;][et_pb_image src=&#8221;http:\/\/patrickpedrosa.com\/wp-content\/uploads\/2019\/09\/Skinny-1.jpg&#8221; _builder_version=&#8221;3.27.4&#8243; _i=&#8221;0&#8243; _address=&#8221;4.1.3.0&#8243;][\/et_pb_image][\/et_pb_column][\/et_pb_row][\/et_pb_section][et_pb_section fb_built=&#8221;1&#8243; fullwidth=&#8221;on&#8221; _builder_version=&#8221;3.27.4&#8243; fb_built=&#8221;1&#8243; _i=&#8221;5&#8243; _address=&#8221;5&#8243;][et_pb_fullwidth_image src=&#8221;http:\/\/patrickpedrosa.com\/wp-content\/uploads\/2021\/03\/AT-Arena-Table-WHITE-POLISHED1-02.jpg&#8221; _builder_version=&#8221;3.27.4&#8243; _i=&#8221;0&#8243; _address=&#8221;5.0&#8243;][\/et_pb_fullwidth_image][\/et_pb_section][et_pb_section fb_built=&#8221;1&#8243; _builder_version=&#8221;3.27.4&#8243; custom_padding=&#8221;14px||2px|||&#8221; fb_built=&#8221;1&#8243; _i=&#8221;6&#8243; _address=&#8221;6&#8243;][et_pb_row column_structure=&#8221;1_2,1_2&#8243; _builder_version=&#8221;3.27.4&#8243; custom_padding=&#8221;55px|||||&#8221; _i=&#8221;0&#8243; _address=&#8221;6.0&#8243;][et_pb_column type=&#8221;1_2&#8243; _builder_version=&#8221;3.27.4&#8243; _i=&#8221;0&#8243; _address=&#8221;6.0.0&#8243;][et_pb_text _builder_version=&#8221;3.27.4&#8243; custom_margin=&#8221;||43px|||&#8221; inline_fonts=&#8221;Lato&#8221; _i=&#8221;0&#8243; _address=&#8221;6.0.0.0&#8243;]<\/p>\n<h1 style=\"text-align: left;\"><span style=\"font-family: Lato; font-weight: normal;\"><strong>SENSION &#8211; GESTUAL SWITCH<\/strong><\/span><\/h1>\n<p class=\"p1\" style=\"text-align: left;\">Sension \u00e9 um projeto inovador e tecnol\u00f3gico que desenvolve equipamentos de IOT, com seu foco no desenvolvimento de interruptores que permitam o controle de outros equipamentos atrav\u00e9s de gestos.<\/p>\n<p>[\/et_pb_text][\/et_pb_column][et_pb_column type=&#8221;1_2&#8243; _builder_version=&#8221;3.27.4&#8243; _i=&#8221;1&#8243; _address=&#8221;6.0.1&#8243;][\/et_pb_column][\/et_pb_row][\/et_pb_section][et_pb_section fb_built=&#8221;1&#8243; fullwidth=&#8221;on&#8221; _builder_version=&#8221;3.27.4&#8243; fb_built=&#8221;1&#8243; _i=&#8221;7&#8243; _address=&#8221;7&#8243;][et_pb_fullwidth_image src=&#8221;http:\/\/patrickpedrosa.com\/wp-content\/uploads\/2020\/05\/SS-B-RW1.jpg&#8221; _builder_version=&#8221;3.27.4&#8243; _i=&#8221;0&#8243; _address=&#8221;7.0&#8243;][\/et_pb_fullwidth_image][\/et_pb_section][et_pb_section fb_built=&#8221;1&#8243; _builder_version=&#8221;3.27.4&#8243; custom_padding=&#8221;14px||2px|||&#8221; fb_built=&#8221;1&#8243; _i=&#8221;8&#8243; _address=&#8221;8&#8243;][et_pb_row column_structure=&#8221;3_5,2_5&#8243; _builder_version=&#8221;3.27.4&#8243; custom_padding=&#8221;35px|||||&#8221; _i=&#8221;0&#8243; _address=&#8221;8.0&#8243;][et_pb_column type=&#8221;3_5&#8243; _builder_version=&#8221;3.27.4&#8243; _i=&#8221;0&#8243; _address=&#8221;8.0.0&#8243;][et_pb_video src=&#8221;https:\/\/youtu.be\/5hAXGHLaoNw&#8221; src_webm=&#8221;https:\/\/youtu.be\/5hAXGHLaoNw&#8221; _builder_version=&#8221;3.27.4&#8243; custom_margin=&#8221;||66px|||&#8221; _i=&#8221;0&#8243; _address=&#8221;8.0.0.0&#8243;][\/et_pb_video][\/et_pb_column][et_pb_column type=&#8221;2_5&#8243; _builder_version=&#8221;3.27.4&#8243; _i=&#8221;1&#8243; _address=&#8221;8.0.1&#8243;][\/et_pb_column][\/et_pb_row][\/et_pb_section][et_pb_section fb_built=&#8221;1&#8243; fullwidth=&#8221;on&#8221; _builder_version=&#8221;3.27.4&#8243; fb_built=&#8221;1&#8243; _i=&#8221;9&#8243; _address=&#8221;9&#8243;][et_pb_fullwidth_image src=&#8221;http:\/\/patrickpedrosa.com\/wp-content\/uploads\/2020\/05\/IMG_0775_n.jpg&#8221; _builder_version=&#8221;3.27.4&#8243; _i=&#8221;0&#8243; _address=&#8221;9.0&#8243;][\/et_pb_fullwidth_image][\/et_pb_section][et_pb_section fb_built=&#8221;1&#8243; _builder_version=&#8221;3.27.4&#8243; custom_padding=&#8221;28px||37px|||&#8221; fb_built=&#8221;1&#8243; _i=&#8221;10&#8243; _address=&#8221;10&#8243;][et_pb_row column_structure=&#8221;1_2,1_2&#8243; _builder_version=&#8221;3.27.4&#8243; custom_margin=&#8221;|auto|-14px|auto||&#8221; custom_padding=&#8221;||3px|||&#8221; _i=&#8221;0&#8243; _address=&#8221;10.0&#8243;][et_pb_column type=&#8221;1_2&#8243; _builder_version=&#8221;3.27.4&#8243; _i=&#8221;0&#8243; _address=&#8221;10.0.0&#8243;][et_pb_text _builder_version=&#8221;3.27.4&#8243; min_height=&#8221;88px&#8221; custom_margin=&#8221;||43px|||&#8221; inline_fonts=&#8221;Lato&#8221; _i=&#8221;0&#8243; _address=&#8221;10.0.0.0&#8243;]<\/p>\n<h2 style=\"text-align: left;\"><span style=\"font-family: Lato; font-weight: normal;\"><strong>LYRA GRILL<\/strong><\/span><\/h2>\n<p><span style=\"font-family: Lato; font-weight: normal;\"><strong><\/strong><\/span><\/p>\n<p>Lyra \u00e9 um mini grelhador de design moderno e pr\u00e1tico desenvolvido com o prop\u00f3sito de cozinhar num apartamento.\u00a0<\/p>\n<p class=\"p1\" style=\"text-align: left;\">\n<p>[\/et_pb_text][\/et_pb_column][et_pb_column type=&#8221;1_2&#8243; _builder_version=&#8221;3.27.4&#8243; _i=&#8221;1&#8243; _address=&#8221;10.0.1&#8243;][\/et_pb_column][\/et_pb_row][\/et_pb_section][et_pb_section fb_built=&#8221;1&#8243; _builder_version=&#8221;3.27.4&#8243; background_color=&#8221;#d6d6d6&#8243; custom_padding=&#8221;0px||51px|||&#8221; fb_built=&#8221;1&#8243; _i=&#8221;13&#8243; _address=&#8221;13&#8243;][et_pb_row column_structure=&#8221;1_2,1_2&#8243; use_custom_gutter=&#8221;on&#8221; _builder_version=&#8221;3.27.4&#8243; width=&#8221;94%&#8221; _i=&#8221;0&#8243; _address=&#8221;13.0&#8243;][et_pb_column type=&#8221;1_2&#8243; _builder_version=&#8221;3.27.4&#8243; _i=&#8221;0&#8243; _address=&#8221;13.0.0&#8243;][et_pb_gallery gallery_ids=&#8221;222,223,224,225&#8243; show_title_and_caption=&#8221;off&#8221; show_pagination=&#8221;off&#8221; zoom_icon_color=&#8221;rgba(0,0,0,0)&#8221; hover_overlay_color=&#8221;rgba(0,0,0,0)&#8221; _builder_version=&#8221;3.27.4&#8243; width=&#8221;100%&#8221; max_width=&#8221;100%&#8221; max_height=&#8221;260px&#8221; animation_style=&#8221;fade&#8221; animation_duration=&#8221;1750ms&#8221; _i=&#8221;0&#8243; _address=&#8221;13.0.0.0&#8243;][\/et_pb_gallery][\/et_pb_column][et_pb_column type=&#8221;1_2&#8243; _builder_version=&#8221;3.27.4&#8243; _i=&#8221;1&#8243; _address=&#8221;13.0.1&#8243;][et_pb_gallery gallery_ids=&#8221;226,227,228,229&#8243; show_title_and_caption=&#8221;off&#8221; show_pagination=&#8221;off&#8221; zoom_icon_color=&#8221;rgba(0,0,0,0)&#8221; hover_overlay_color=&#8221;rgba(0,0,0,0)&#8221; _builder_version=&#8221;3.27.4&#8243; animation_style=&#8221;fade&#8221; animation_duration=&#8221;1750ms&#8221; _i=&#8221;0&#8243; _address=&#8221;13.0.1.0&#8243;][\/et_pb_gallery][\/et_pb_column][\/et_pb_row][\/et_pb_section][et_pb_section fb_built=&#8221;1&#8243; _builder_version=&#8221;3.27.4&#8243; custom_padding=&#8221;0px||21px|||&#8221; fb_built=&#8221;1&#8243; _i=&#8221;14&#8243; _address=&#8221;14&#8243;][et_pb_row _builder_version=&#8221;3.27.4&#8243; width=&#8221;90%&#8221; custom_margin=&#8221;-7px|auto||auto||&#8221; custom_padding=&#8221;||10px|||&#8221; _i=&#8221;0&#8243; _address=&#8221;14.0&#8243;][et_pb_column type=&#8221;4_4&#8243; _builder_version=&#8221;3.27.4&#8243; _i=&#8221;0&#8243; _address=&#8221;14.0.0&#8243;][et_pb_social_media_follow _builder_version=&#8221;3.27.4&#8243; _i=&#8221;0&#8243; _address=&#8221;14.0.0.0&#8243;][et_pb_social_media_follow_network social_network=&#8221;facebook&#8221; url=&#8221;https:\/\/www.facebook.com\/patrickpedrosadesigner\/&#8221; _builder_version=&#8221;3.27.4&#8243; background_color=&#8221;#3b5998&#8243; hover_enabled=&#8221;0&#8243; follow_button=&#8221;off&#8221; url_new_window=&#8221;on&#8221; _i=&#8221;0&#8243; _address=&#8221;14.0.0.0.0&#8243;]facebook[\/et_pb_social_media_follow_network][et_pb_social_media_follow_network social_network=&#8221;twitter&#8221; url=&#8221;https:\/\/twitter.com\/patrickpedrosa_&#8221; _builder_version=&#8221;3.27.4&#8243; background_color=&#8221;#00aced&#8221; hover_enabled=&#8221;0&#8243; follow_button=&#8221;off&#8221; url_new_window=&#8221;on&#8221; _i=&#8221;1&#8243; _address=&#8221;14.0.0.0.1&#8243;]twitter[\/et_pb_social_media_follow_network][et_pb_social_media_follow_network social_network=&#8221;rss&#8221; url=&#8221;http:\/\/patrickpedrosa.com&#8221; _builder_version=&#8221;3.27.4&#8243; background_color=&#8221;#ff8a3c&#8221; hover_enabled=&#8221;0&#8243; follow_button=&#8221;off&#8221; url_new_window=&#8221;on&#8221; _i=&#8221;2&#8243; _address=&#8221;14.0.0.0.2&#8243;]rss[\/et_pb_social_media_follow_network][\/et_pb_social_media_follow][\/et_pb_column][\/et_pb_row][\/et_pb_section]<\/p>\n","protected":false},"excerpt":{"rendered":"<p>[et_pb_section fb_built=&#8221;1&#8243; fullwidth=&#8221;on&#8221; _builder_version=&#8221;3.27.4&#8243; fb_built=&#8221;1&#8243; _i=&#8221;0&#8243; _address=&#8221;0&#8243;][et_pb_fullwidth_image src=&#8221;http:\/\/patrickpedrosa.com\/wp-content\/uploads\/2022\/09\/MS-MSlim-GUNMETAL-AMB-X3-02.jpg&#8221; _builder_version=&#8221;3.27.4&#8243; _i=&#8221;0&#8243; _address=&#8221;0.0&#8243;][\/et_pb_fullwidth_image][\/et_pb_section][et_pb_section fb_built=&#8221;1&#8243; _builder_version=&#8221;3.27.4&#8243; custom_padding=&#8221;6px||15px|||&#8221; fb_built=&#8221;1&#8243; _i=&#8221;1&#8243; _address=&#8221;1&#8243;][et_pb_row column_structure=&#8221;1_2,1_2&#8243; _builder_version=&#8221;3.27.4&#8243; _i=&#8221;0&#8243; _address=&#8221;1.0&#8243;][et_pb_column type=&#8221;1_2&#8243; _builder_version=&#8221;3.27.4&#8243; _i=&#8221;0&#8243; _address=&#8221;1.0.0&#8243;][et_pb_text _builder_version=&#8221;3.27.4&#8243; inline_fonts=&#8221;Lato&#8221; _i=&#8221;0&#8243; _address=&#8221;1.0.0.0&#8243;] SECA-TOALHAS MINIMALISTA M SLIM\u00a0 Design de toalheiro M Slim para o projecto Park Rublevo Imagem: Babayants Architects [\/et_pb_text][\/et_pb_column][et_pb_column type=&#8221;1_2&#8243; _builder_version=&#8221;3.27.4&#8243; _i=&#8221;1&#8243; _address=&#8221;1.0.1&#8243;][\/et_pb_column][\/et_pb_row][\/et_pb_section][et_pb_section fb_built=&#8221;1&#8243; fullwidth=&#8221;on&#8221; _builder_version=&#8221;3.27.4&#8243; fb_built=&#8221;1&#8243; [&hellip;]<\/p>\n","protected":false},"author":1,"featured_media":0,"parent":0,"menu_order":0,"comment_status":"closed","ping_status":"closed","template":"","meta":{"_et_pb_use_builder":"on","_et_pb_old_content":"","footnotes":""},"_links":{"self":[{"href":"https:\/\/patrickpedrosa.com\/index.php?rest_route=\/wp\/v2\/pages\/12"}],"collection":[{"href":"https:\/\/patrickpedrosa.com\/index.php?rest_route=\/wp\/v2\/pages"}],"about":[{"href":"https:\/\/patrickpedrosa.com\/index.php?rest_route=\/wp\/v2\/types\/page"}],"author":[{"embeddable":true,"href":"https:\/\/patrickpedrosa.com\/index.php?rest_route=\/wp\/v2\/users\/1"}],"replies":[{"embeddable":true,"href":"https:\/\/patrickpedrosa.com\/index.php?rest_route=%2Fwp%2Fv2%2Fcomments&post=12"}],"version-history":[{"count":36,"href":"https:\/\/patrickpedrosa.com\/index.php?rest_route=\/wp\/v2\/pages\/12\/revisions"}],"predecessor-version":[{"id":294,"href":"https:\/\/patrickpedrosa.com\/index.php?rest_route=\/wp\/v2\/pages\/12\/revisions\/294"}],"wp:attachment":[{"href":"https:\/\/patrickpedrosa.com\/index.php?rest_route=%2Fwp%2Fv2%2Fmedia&parent=12"}],"curies":[{"name":"wp","href":"https:\/\/api.w.org\/{rel}","templated":true}]}}